{"id":943,"date":"2025-04-11T11:05:18","date_gmt":"2025-04-11T11:05:18","guid":{"rendered":"https:\/\/vysokorychlostni-kamera.cz\/skolenie\/"},"modified":"2025-04-17T10:59:36","modified_gmt":"2025-04-17T10:59:36","slug":"skolenie","status":"publish","type":"page","link":"https:\/\/vysokorychlostni-kamera.cz\/sk\/skolenie\/","title":{"rendered":"\u0160kolenie"},"content":{"rendered":"<h2 class=\"title\">PROFESION\u00c1LNE \u0160KOLENIE VYSOKOR\u00ddCHLOSTN\u00ddCH KAMIER<\/h2>\n<h6 class=\"title\">1. Z\u00c1KLADY SKENOVANIA<\/h6>\n<h6 class=\"title\">2. NASTAVENIE A OVL\u00c1DANIE KAMIER<\/h6>\n<h6 class=\"title\">3. POU\u017dITIE V PRAXI<\/h6>\n<div style=\"width: 1210px\" class=\"wp-caption alignnone\"><img loading=\"lazy\" decoding=\"async\" class=\"scale-with-grid\" src=\"https:\/\/vysokorychlostni-kamera.cz\/wp-content\/uploads\/2023\/11\/Chronos-4K12-banner-1200x814.jpg\" sizes=\"auto, (max-width:767px) 480px, (max-width:1200px) 100vw, 1200px\" srcset=\"https:\/\/vysokorychlostni-kamera.cz\/wp-content\/uploads\/2023\/11\/Chronos-4K12-banner-1200x814.jpg 1200w, https:\/\/vysokorychlostni-kamera.cz\/wp-content\/uploads\/2023\/11\/Chronos-4K12-banner-500x339.jpg 500w, https:\/\/vysokorychlostni-kamera.cz\/wp-content\/uploads\/2023\/11\/Chronos-4K12-banner-300x203.jpg 300w, https:\/\/vysokorychlostni-kamera.cz\/wp-content\/uploads\/2023\/11\/Chronos-4K12-banner-768x521.jpg 768w, https:\/\/vysokorychlostni-kamera.cz\/wp-content\/uploads\/2023\/11\/Chronos-4K12-banner-111x75.jpg 111w, https:\/\/vysokorychlostni-kamera.cz\/wp-content\/uploads\/2023\/11\/Chronos-4K12-banner-484x328.jpg 484w, https:\/\/vysokorychlostni-kamera.cz\/wp-content\/uploads\/2023\/11\/Chronos-4K12-banner-800x542.jpg 800w, https:\/\/vysokorychlostni-kamera.cz\/wp-content\/uploads\/2023\/11\/Chronos-4K12-banner.jpg 1478w\" alt=\"\u0161kolenie o vysokor\u00fdchlostnej kamere\" width=\"1200\" height=\"814\"><p class=\"wp-caption-text\">\u0161kolenie o vysokor\u00fdchlostnej kamere<\/p><\/div>\n<h3 class=\"title\">Vysokor\u00fdchlostn\u00e9 kamery &#8211; \u00favodn\u00fd kurz<\/h3>\n<h4 class=\"title\">Vysokor\u00fdchlostn\u00e9 kamery s\u00fa revolu\u010dn\u00fdm n\u00e1strojom vo svete zobrazovac\u00edch technol\u00f3gi\u00ed, ktor\u00fd poskytuje mnohostrann\u00e9 vyu\u017eitie a v\u00fdznamn\u00e9 v\u00fdhody.<\/h4>\n<p data-pm-slice=\"1 1 []\">Chcete prenikn\u00fa\u0165 do fascinuj\u00faceho sveta vysokor\u00fdchlostn\u00e9ho sn\u00edmania a zisti\u0165, ako zachyti\u0165 r\u00fdchle udalosti, ktor\u00e9 be\u017en\u00e9 fotoapar\u00e1ty nedok\u00e1\u017eu? \u010ci u\u017e si pl\u00e1nujete zaobstara\u0165 vlastn\u00fd vysokor\u00fdchlostn\u00fd fotoapar\u00e1t, alebo v\u00e1s jednoducho zauj\u00edma, ako t\u00e1to jedine\u010dn\u00e1 technol\u00f3gia funguje a \u010do dok\u00e1\u017ee, n\u00e1\u0161 kurz v\u00e1m poskytne v\u0161etky potrebn\u00e9 inform\u00e1cie a praktick\u00e9 rady. S pomocou na\u0161ich odborn\u00edkov pochop\u00edte k\u013e\u00fa\u010dov\u00e9 princ\u00edpy, dozviete sa o parametroch, ktor\u00e9 s\u00fa rozhoduj\u00face pre v\u00fdber spr\u00e1vnej kamery, a objav\u00edte r\u00f4zne odvetvia, v ktor\u00fdch sa tieto kamery pou\u017e\u00edvaj\u00fa &#8211; od priemyslu cez vedu a\u017e po kreat\u00edvnu produkciu.  <\/p>\n<h4 class=\"title\">Pre koho je kurz ur\u010den\u00fd?<\/h4>\n<p>Chcete pochopi\u0165, ako vysokor\u00fdchlostn\u00e9 kamery funguj\u00fa a ak\u00e9 mo\u017enosti pon\u00fakaj\u00fa? Pl\u00e1nujete si ju zaobstara\u0165 alebo sa len chcete ponori\u0165 do tajov tejto fascinuj\u00facej technol\u00f3gie? Potom je tento kurz ur\u010den\u00fd pr\u00e1ve v\u00e1m! Na\u0161i odborn\u00edci v\u00e1s preved\u00fa svetom vysokor\u00fdchlostn\u00e9ho sn\u00edmania a pom\u00f4\u017eu v\u00e1m \u013eahko sa zorientova\u0165 v rozmanitej ponuke kamier od r\u00f4znych v\u00fdrobcov   <\/p>\n<h4 class=\"title\">\u010co sa v kurze nau\u010d\u00edte?<\/h4>\n<p>Po\u010das kurzu sa nau\u010d\u00edte nielen princ\u00edpy a k\u013e\u00fa\u010dov\u00e9 parametre vysokor\u00fdchlostn\u00fdch kamier, ale aj to, ako si vybra\u0165 spr\u00e1vne zariadenie pre va\u0161u aplik\u00e1ciu. Na konkr\u00e9tnych pr\u00edkladoch v\u00e1m uk\u00e1\u017eeme, ako efekt\u00edvne ovl\u00e1da\u0165 kameru a ako rozl\u00ed\u0161enie videa ovplyv\u0148uje r\u00fdchlos\u0165 sn\u00edmania a kvalitu z\u00e1znamu. Porovn\u00e1me aj naj\u010dastej\u0161ie pou\u017e\u00edvan\u00fd softv\u00e9r, jeho mo\u017enosti a v\u00fdhody.  <\/p>\n<h4 class=\"title\">Priestor pre va\u0161e ot\u00e1zky<\/h4>\n<p>Samozrejme, je tu dostatok priestoru na va\u0161e ot\u00e1zky a diskusie s na\u0161imi odborn\u00edkmi. Nie s\u00fa potrebn\u00e9 \u017eiadne predch\u00e1dzaj\u00face sk\u00fasenosti s vysokor\u00fdchlostn\u00fdmi kamerami &#8211; sta\u010d\u00ed va\u0161e nad\u0161enie a ochota objavova\u0165 nov\u00e9 mo\u017enosti! <\/p>\n<p>Te\u0161\u00edme sa na stretnutie s vami a na spolo\u010dn\u00e9 objavovanie sveta vysokor\u00fdchlostn\u00e9ho zobrazovania!<\/p>\n<p><a class=\"button button_theme button_size_4\" title=\"\" target=\"_blank\" rel=\"noopener\"><span class=\"button_label\">REGISTROVA\u0164<\/span><\/a><\/p>\n<h3 class=\"title\">OBSAH N\u00c1\u0160HO \u00daVODN\u00c9HO KURZU<\/h3>\n<ul class=\"mfn-list mfn-list-divider mfn-list-left mfn-list-middle\">\n<li class=\"mfn-list-item\"><span class=\"mfn-list-desc\">\u00davod do sveta vysokor\u00fdchlostn\u00e9ho sn\u00edmania &#8211; Ako funguj\u00fa senzory a ak\u00fd je princ\u00edp zachyt\u00e1vania r\u00fdchlych udalost\u00ed?<\/span><\/li>\n<li class=\"mfn-list-item\"><span class=\"mfn-list-desc\">Klasifik\u00e1cia kamier pod\u013ea v\u00fdrobcov a aplik\u00e1ci\u00ed &#8211; preh\u013ead typov, ich \u0161pecifik\u00e1 a praktick\u00e9 odpor\u00fa\u010dania, ktor\u00e9 kamery pou\u017ei\u0165 pre konkr\u00e9tne potreby.<\/span><\/li>\n<li class=\"mfn-list-item\"><span class=\"mfn-list-desc\">Technick\u00e9 parametre &#8211; Ako spr\u00e1vne vyhodnoti\u0165 d\u00f4le\u017eit\u00e9 parametre fotoapar\u00e1tu (rozl\u00ed\u0161enie, sn\u00edmkov\u00e1 frekvencia, citlivos\u0165 sn\u00edma\u010da at\u010f.) a vybra\u0165 si ten spr\u00e1vny?<\/span><\/li>\n<\/ul>\n<ul class=\"mfn-list mfn-list-divider mfn-list-left mfn-list-middle\">\n<li class=\"mfn-list-item\"><span class=\"mfn-list-desc\">Nastavenie osvetlenia &#8211; Ako spr\u00e1vne nastavi\u0165 osvetlenie, aby ste z\u00edskali \u010do najkvalitnej\u0161ie z\u00e1bery v r\u00f4znych podmienkach a aplik\u00e1ci\u00e1ch?<\/span><\/li>\n<li class=\"mfn-list-item\"><span class=\"mfn-list-desc\">V\u00fdber objekt\u00edvu &#8211; automatick\u00e9 a manu\u00e1lne objekt\u00edvy. Ak\u00e9 s\u00fa medzi nimi rozdiely a ako ich najlep\u0161ie pou\u017ei\u0165 pri konkr\u00e9tnom pou\u017eit\u00ed? <\/span><\/li>\n<li class=\"mfn-list-item\"><span class=\"mfn-list-desc\">Praktick\u00e9 vyu\u017eitie kamier v praxi &#8211; ladenie procesov, bezpe\u010dnostn\u00e9 a crash testy, balistika, dynamick\u00e9 testovanie materi\u00e1lov, DIC (Digital Image Correlation), PIV (Particle Image Velocimetry), ale aj kreat\u00edvne vyu\u017eitie vo filmovom priemysle.<\/span><\/li>\n<\/ul>\n<h2 class=\"title\">USPOKOJI\u0164 SA S T\u00ddM NAJLEP\u0160\u00cdM<\/h2>\n<p>Tu dostanete nielen \u0161pi\u010dkov\u00e9 produkty, ale aj odborn\u00e9 poradenstvo a individu\u00e1lne rie\u0161enia prisp\u00f4soben\u00e9 va\u0161im potreb\u00e1m. Na\u0161e dlhoro\u010dn\u00e9 sk\u00fasenosti a odborn\u00e9 znalosti s\u00fa z\u00e1rukou kvality a spo\u013eahlivosti.<\/p>\n<p><img loading=\"lazy\" decoding=\"async\" class=\"attachment-full size-full\" src=\"https:\/\/vysokorychlostni-kamera.cz\/wp-content\/uploads\/2023\/11\/solution.png\" sizes=\"auto, (max-width:767px) 480px, 512px\" srcset=\"https:\/\/vysokorychlostni-kamera.cz\/wp-content\/uploads\/2023\/11\/solution.png 512w, https:\/\/vysokorychlostni-kamera.cz\/wp-content\/uploads\/2023\/11\/solution-500x500.png 500w, https:\/\/vysokorychlostni-kamera.cz\/wp-content\/uploads\/2023\/11\/solution-300x300.png 300w, https:\/\/vysokorychlostni-kamera.cz\/wp-content\/uploads\/2023\/11\/solution-150x150.png 150w, https:\/\/vysokorychlostni-kamera.cz\/wp-content\/uploads\/2023\/11\/solution-75x75.png 75w, https:\/\/vysokorychlostni-kamera.cz\/wp-content\/uploads\/2023\/11\/solution-484x484.png 484w\" alt=\"\" width=\"512\" height=\"512\"><\/p>\n<h5 class=\"title label\">Rie\u0161enia na mieru<\/h5>\n<p>Ka\u017ed\u00e9mu klientovi pon\u00fakame rie\u0161enia \u0161it\u00e9 na mieru, preto\u017ee zo sk\u00fasenost\u00ed vieme, \u017ee ka\u017ed\u00fd projekt potrebuje vlastn\u00e9 rie\u0161enie.<img loading=\"lazy\" decoding=\"async\" class=\"attachment-full size-full\" src=\"https:\/\/vysokorychlostni-kamera.cz\/wp-content\/uploads\/2023\/11\/machine-learning.png\" sizes=\"auto, (max-width:767px) 480px, 512px\" srcset=\"https:\/\/vysokorychlostni-kamera.cz\/wp-content\/uploads\/2023\/11\/machine-learning.png 512w, https:\/\/vysokorychlostni-kamera.cz\/wp-content\/uploads\/2023\/11\/machine-learning-500x500.png 500w, https:\/\/vysokorychlostni-kamera.cz\/wp-content\/uploads\/2023\/11\/machine-learning-300x300.png 300w, https:\/\/vysokorychlostni-kamera.cz\/wp-content\/uploads\/2023\/11\/machine-learning-150x150.png 150w, https:\/\/vysokorychlostni-kamera.cz\/wp-content\/uploads\/2023\/11\/machine-learning-75x75.png 75w, https:\/\/vysokorychlostni-kamera.cz\/wp-content\/uploads\/2023\/11\/machine-learning-484x484.png 484w\" alt=\"\" width=\"512\" height=\"512\"><\/p>\n<h5 class=\"title label\">Odborn\u00e9 poradenstvo<\/h5>\n<p>Na\u0161i aplika\u010dn\u00ed in\u017einieri poskytuj\u00fa nielen podrobn\u00e9 inform\u00e1cie o produktoch, ale aj profesion\u00e1lnu technick\u00fa podporu.<img loading=\"lazy\" decoding=\"async\" class=\"attachment-full size-full\" src=\"https:\/\/vysokorychlostni-kamera.cz\/wp-content\/uploads\/2023\/11\/verified.png\" sizes=\"auto, (max-width:767px) 480px, 512px\" srcset=\"https:\/\/vysokorychlostni-kamera.cz\/wp-content\/uploads\/2023\/11\/verified.png 512w, https:\/\/vysokorychlostni-kamera.cz\/wp-content\/uploads\/2023\/11\/verified-500x500.png 500w, https:\/\/vysokorychlostni-kamera.cz\/wp-content\/uploads\/2023\/11\/verified-300x300.png 300w, https:\/\/vysokorychlostni-kamera.cz\/wp-content\/uploads\/2023\/11\/verified-150x150.png 150w, https:\/\/vysokorychlostni-kamera.cz\/wp-content\/uploads\/2023\/11\/verified-75x75.png 75w, https:\/\/vysokorychlostni-kamera.cz\/wp-content\/uploads\/2023\/11\/verified-484x484.png 484w\" alt=\"\" width=\"512\" height=\"512\"><\/p>\n<h5 class=\"title label\">Overen\u00ed dod\u00e1vatelia<\/h5>\n<p>Spolupracujeme s popredn\u00fdmi svetov\u00fdmi v\u00fdrobcami v tomto odvetv\u00ed, \u010do zaru\u010duje vysok\u00fa kvalitu na\u0161ich v\u00fdrobkov a slu\u017eieb. V\u0161etky produkty pozn\u00e1me a testujeme.<img decoding=\"async\" class=\"scale-with-grid\" title=\"\" src=\"https:\/\/vysokorychlostni-kamera.cz\/wp-content\/uploads\/2024\/01\/Untitled-design.jpg\" alt=\"\" width=\"\" height=\"\"><\/p>\n","protected":false},"excerpt":{"rendered":"<p>PROFESION\u00c1LNE \u0160KOLENIE VYSOKOR\u00ddCHLOSTN\u00ddCH KAMIER 1. Z\u00c1KLADY SKENOVANIA 2. NASTAVENIE A OVL\u00c1DANIE KAMIER 3. POU\u017dITIE V PRAXI Vysokor\u00fdchlostn\u00e9 kamery &#8211; \u00favodn\u00fd kurz Vysokor\u00fdchlostn\u00e9 kamery s\u00fa revolu\u010dn\u00fdm n\u00e1strojom<span class=\"excerpt-hellip\"> [\u2026]<\/span><\/p>\n","protected":false},"author":3,"featured_media":0,"parent":0,"menu_order":0,"comment_status":"open","ping_status":"closed","template":"","meta":{"footnotes":""},"class_list":["post-943","page","type-page","status-publish","hentry"],"_links":{"self":[{"href":"https:\/\/vysokorychlostni-kamera.cz\/sk\/wp-json\/wp\/v2\/pages\/943","targetHints":{"allow":["GET"]}}],"collection":[{"href":"https:\/\/vysokorychlostni-kamera.cz\/sk\/wp-json\/wp\/v2\/pages"}],"about":[{"href":"https:\/\/vysokorychlostni-kamera.cz\/sk\/wp-json\/wp\/v2\/types\/page"}],"author":[{"embeddable":true,"href":"https:\/\/vysokorychlostni-kamera.cz\/sk\/wp-json\/wp\/v2\/users\/3"}],"replies":[{"embeddable":true,"href":"https:\/\/vysokorychlostni-kamera.cz\/sk\/wp-json\/wp\/v2\/comments?post=943"}],"version-history":[{"count":1,"href":"https:\/\/vysokorychlostni-kamera.cz\/sk\/wp-json\/wp\/v2\/pages\/943\/revisions"}],"predecessor-version":[{"id":944,"href":"https:\/\/vysokorychlostni-kamera.cz\/sk\/wp-json\/wp\/v2\/pages\/943\/revisions\/944"}],"wp:attachment":[{"href":"https:\/\/vysokorychlostni-kamera.cz\/sk\/wp-json\/wp\/v2\/media?parent=943"}],"curies":[{"name":"wp","href":"https:\/\/api.w.org\/{rel}","templated":true}]}}