{"id":804,"date":"2024-01-02T10:28:20","date_gmt":"2024-01-02T10:28:20","guid":{"rendered":"https:\/\/vysokorychlostni-kamera.cz\/produkt\/mega-speed-ms160k\/"},"modified":"2025-10-10T10:36:14","modified_gmt":"2025-10-10T10:36:14","slug":"mega-speed-ms160k","status":"publish","type":"product","link":"https:\/\/vysokorychlostni-kamera.cz\/sk\/produkt\/mega-speed-ms160k\/","title":{"rendered":"Mega Speed MS160K"},"content":{"rendered":"","protected":false},"excerpt":{"rendered":"<p class=\"p1\">Kamera Mega Speed MS160K je vysokor\u00fdchlostn\u00e1 kamera s rozl\u00ed\u0161en\u00edm 4K ur\u010den\u00e1 na \u0161irok\u00fa \u0161k\u00e1lu aplik\u00e1ci\u00ed. Je vybaven\u00fd sn\u00edma\u010dom s vysok\u00fdm rozl\u00ed\u0161en\u00edm, ktor\u00fd zaru\u010duje ostr\u00e9 a detailn\u00e9 sn\u00edmky. Robustn\u00e1 kon\u0161trukcia kamery zaru\u010duje odolnos\u0165 v n\u00e1ro\u010dn\u00fdch podmienkach, tak\u017ee je ide\u00e1lna aj na vonkaj\u0161ie pou\u017eitie. Fotoapar\u00e1t je novinkou v portf\u00f3liu v\u00fdrobcu a pon\u00faka mno\u017estvo pokro\u010dil\u00fdch funkci\u00ed. V\u010faka tomu je MS160K vhodn\u00fd pre t\u00fdch, ktor\u00ed h\u013eadaj\u00fa spo\u013eahliv\u00e9 a vysokokvalitn\u00e9 rie\u0161enie na vysokor\u00fdchlostn\u00fd z\u00e1znam obrazu.<\/p>\n","protected":false},"featured_media":778,"template":"","meta":[],"product_cat":[41,42,43],"product_tag":[],"class_list":{"0":"post-804","1":"product","2":"type-product","3":"status-publish","4":"has-post-thumbnail","6":"product_cat-kompletni-nabidka-sk","7":"product_cat-main-sk","8":"product_cat-mega-speed-sk","10":"first","11":"instock","12":"virtual","13":"product-type-simple"},"_links":{"self":[{"href":"https:\/\/vysokorychlostni-kamera.cz\/sk\/wp-json\/wp\/v2\/product\/804","targetHints":{"allow":["GET"]}}],"collection":[{"href":"https:\/\/vysokorychlostni-kamera.cz\/sk\/wp-json\/wp\/v2\/product"}],"about":[{"href":"https:\/\/vysokorychlostni-kamera.cz\/sk\/wp-json\/wp\/v2\/types\/product"}],"wp:featuredmedia":[{"embeddable":true,"href":"https:\/\/vysokorychlostni-kamera.cz\/sk\/wp-json\/wp\/v2\/media\/778"}],"wp:attachment":[{"href":"https:\/\/vysokorychlostni-kamera.cz\/sk\/wp-json\/wp\/v2\/media?parent=804"}],"wp:term":[{"taxonomy":"product_cat","embeddable":true,"href":"https:\/\/vysokorychlostni-kamera.cz\/sk\/wp-json\/wp\/v2\/product_cat?post=804"},{"taxonomy":"product_tag","embeddable":true,"href":"https:\/\/vysokorychlostni-kamera.cz\/sk\/wp-json\/wp\/v2\/product_tag?post=804"}],"curies":[{"name":"wp","href":"https:\/\/api.w.org\/{rel}","templated":true}]}}