{"id":805,"date":"2024-01-02T09:40:41","date_gmt":"2024-01-02T09:40:41","guid":{"rendered":"https:\/\/vysokorychlostni-kamera.cz\/produkt\/mega-speed-ms140k\/"},"modified":"2025-10-10T10:33:11","modified_gmt":"2025-10-10T10:33:11","slug":"mega-speed-ms140k","status":"publish","type":"product","link":"https:\/\/vysokorychlostni-kamera.cz\/sk\/produkt\/mega-speed-ms140k\/","title":{"rendered":"Mega Speed MS140K"},"content":{"rendered":"","protected":false},"excerpt":{"rendered":"<p class=\"p1\">Mega Speed MS140K je pokro\u010dil\u00fd vysokor\u00fdchlostn\u00fd fotoapar\u00e1t so sn\u00edma\u010dom CMOS 4\/3, ktor\u00fd pon\u00faka rozl\u00ed\u0161enie 1920 x 1080 pixelov a schopnos\u0165 zachyti\u0165 a\u017e 3600 sn\u00edmok za sekundu. T\u00e1to kamera je ide\u00e1lna na podrobn\u00fa anal\u00fdzu r\u00fdchlych udalost\u00ed, pon\u00faka automatick\u00fa aj manu\u00e1lnu expoz\u00edciu a je vybaven\u00e1 pokro\u010dil\u00fdmi mo\u017enos\u0165ami pripojenia vr\u00e1tane gigabitov\u00e9ho Ethernetu. V\u010faka robustn\u00e9mu hlin\u00edkov\u00e9mu telu a hmotnosti iba 1,8 kg je MS140K ide\u00e1lny na n\u00e1ro\u010dn\u00e9 profesion\u00e1lne pou\u017eitie v r\u00f4znych aplik\u00e1ci\u00e1ch na sn\u00edmanie videa.<\/p>\n","protected":false},"featured_media":749,"template":"","meta":[],"product_cat":[41,43],"product_tag":[],"class_list":{"0":"post-805","1":"product","2":"type-product","3":"status-publish","4":"has-post-thumbnail","6":"product_cat-kompletni-nabidka-sk","7":"product_cat-mega-speed-sk","9":"first","10":"instock","11":"virtual","12":"product-type-simple"},"_links":{"self":[{"href":"https:\/\/vysokorychlostni-kamera.cz\/sk\/wp-json\/wp\/v2\/product\/805","targetHints":{"allow":["GET"]}}],"collection":[{"href":"https:\/\/vysokorychlostni-kamera.cz\/sk\/wp-json\/wp\/v2\/product"}],"about":[{"href":"https:\/\/vysokorychlostni-kamera.cz\/sk\/wp-json\/wp\/v2\/types\/product"}],"wp:featuredmedia":[{"embeddable":true,"href":"https:\/\/vysokorychlostni-kamera.cz\/sk\/wp-json\/wp\/v2\/media\/749"}],"wp:attachment":[{"href":"https:\/\/vysokorychlostni-kamera.cz\/sk\/wp-json\/wp\/v2\/media?parent=805"}],"wp:term":[{"taxonomy":"product_cat","embeddable":true,"href":"https:\/\/vysokorychlostni-kamera.cz\/sk\/wp-json\/wp\/v2\/product_cat?post=805"},{"taxonomy":"product_tag","embeddable":true,"href":"https:\/\/vysokorychlostni-kamera.cz\/sk\/wp-json\/wp\/v2\/product_tag?post=805"}],"curies":[{"name":"wp","href":"https:\/\/api.w.org\/{rel}","templated":true}]}}