{"id":809,"date":"2023-12-15T08:20:26","date_gmt":"2023-12-15T08:20:26","guid":{"rendered":"https:\/\/vysokorychlostni-kamera.cz\/produkt\/mega-speed-ms130k\/"},"modified":"2025-10-10T10:38:19","modified_gmt":"2025-10-10T10:38:19","slug":"mega-speed-ms130k","status":"publish","type":"product","link":"https:\/\/vysokorychlostni-kamera.cz\/sk\/produkt\/mega-speed-ms130k\/","title":{"rendered":"Mega Speed MS130K"},"content":{"rendered":"","protected":false},"excerpt":{"rendered":"<p class=\"p1\">Mega Speed MS130K je univerz\u00e1lna stacion\u00e1rna vysokor\u00fdchlostn\u00e1 kamera na sn\u00edmanie \u0161irokouhl\u00fdch sekvenci\u00ed a aplik\u00e1ci\u00ed. Kamera umo\u017e\u0148uje nastavi\u0165 po\u017eadovan\u00fd po\u010det sn\u00edmok za sekundu (fps) od 2160 do 9000 v z\u00e1vislosti od zvolen\u00e9ho rozl\u00ed\u0161enia obrazu. Pre lep\u0161iu preh\u013eadnos\u0165 umo\u017e\u0148uj\u00fa v\u0161etky kamery Mega Speed n\u00e1h\u013ead sn\u00edmanej sc\u00e9ny na externom displeji LCD.  <\/p>\n","protected":false},"featured_media":749,"template":"","meta":[],"product_cat":[41,43],"product_tag":[],"class_list":{"0":"post-809","1":"product","2":"type-product","3":"status-publish","4":"has-post-thumbnail","6":"product_cat-kompletni-nabidka-sk","7":"product_cat-mega-speed-sk","9":"first","10":"instock","11":"virtual","12":"product-type-simple"},"_links":{"self":[{"href":"https:\/\/vysokorychlostni-kamera.cz\/sk\/wp-json\/wp\/v2\/product\/809","targetHints":{"allow":["GET"]}}],"collection":[{"href":"https:\/\/vysokorychlostni-kamera.cz\/sk\/wp-json\/wp\/v2\/product"}],"about":[{"href":"https:\/\/vysokorychlostni-kamera.cz\/sk\/wp-json\/wp\/v2\/types\/product"}],"wp:featuredmedia":[{"embeddable":true,"href":"https:\/\/vysokorychlostni-kamera.cz\/sk\/wp-json\/wp\/v2\/media\/749"}],"wp:attachment":[{"href":"https:\/\/vysokorychlostni-kamera.cz\/sk\/wp-json\/wp\/v2\/media?parent=809"}],"wp:term":[{"taxonomy":"product_cat","embeddable":true,"href":"https:\/\/vysokorychlostni-kamera.cz\/sk\/wp-json\/wp\/v2\/product_cat?post=809"},{"taxonomy":"product_tag","embeddable":true,"href":"https:\/\/vysokorychlostni-kamera.cz\/sk\/wp-json\/wp\/v2\/product_tag?post=809"}],"curies":[{"name":"wp","href":"https:\/\/api.w.org\/{rel}","templated":true}]}}