{"id":810,"date":"2023-12-11T13:04:20","date_gmt":"2023-12-11T13:04:20","guid":{"rendered":"https:\/\/vysokorychlostni-kamera.cz\/produkt\/vysokorychlostni-set-wt-240\/"},"modified":"2025-10-10T10:39:14","modified_gmt":"2025-10-10T10:39:14","slug":"vysokorychlostni-set-wt-240","status":"publish","type":"product","link":"https:\/\/vysokorychlostni-kamera.cz\/sk\/produkt\/vysokorychlostni-set-wt-240\/","title":{"rendered":"VYSOKOR\u00ddCHLOSTN\u00c1 S\u00daPRAVA WT-240"},"content":{"rendered":"","protected":false},"excerpt":{"rendered":"<p class=\"p1\">Vysokor\u00fdchlostn\u00e1 s\u00faprava WT-240 je kompaktn\u00e9 a prenosn\u00e9 rie\u0161enie na vysokor\u00fdchlostn\u00fd z\u00e1znam. Pon\u00faka jednoduch\u00e9 pripojenie k riadiacemu po\u010d\u00edta\u010du prostredn\u00edctvom rozhrania USB3, nahr\u00e1vanie na pevn\u00fd disk a funkciu nepretr\u017eit\u00e9ho nahr\u00e1vania. S\u00faprava je k dispoz\u00edcii v dvoch variantoch, Standard a MultiCam, s mo\u017enos\u0165ou exportu z\u00e1znamov v r\u00f4znych v\u00fdstupn\u00fdch form\u00e1toch. Je ide\u00e1lny pre v\u00fdrobn\u00e9 procesy, ladenie v\u00fdrobn\u00fdch liniek a testovanie na miestach s obmedzen\u00fdm priestorom.<\/p>\n","protected":false},"featured_media":722,"template":"","meta":[],"product_cat":[41,42,44],"product_tag":[],"class_list":{"0":"post-810","1":"product","2":"type-product","3":"status-publish","4":"has-post-thumbnail","6":"product_cat-kompletni-nabidka-sk","7":"product_cat-main-sk","8":"product_cat-w-technika-sk","10":"first","11":"instock","12":"virtual","13":"product-type-simple"},"_links":{"self":[{"href":"https:\/\/vysokorychlostni-kamera.cz\/sk\/wp-json\/wp\/v2\/product\/810","targetHints":{"allow":["GET"]}}],"collection":[{"href":"https:\/\/vysokorychlostni-kamera.cz\/sk\/wp-json\/wp\/v2\/product"}],"about":[{"href":"https:\/\/vysokorychlostni-kamera.cz\/sk\/wp-json\/wp\/v2\/types\/product"}],"wp:featuredmedia":[{"embeddable":true,"href":"https:\/\/vysokorychlostni-kamera.cz\/sk\/wp-json\/wp\/v2\/media\/722"}],"wp:attachment":[{"href":"https:\/\/vysokorychlostni-kamera.cz\/sk\/wp-json\/wp\/v2\/media?parent=810"}],"wp:term":[{"taxonomy":"product_cat","embeddable":true,"href":"https:\/\/vysokorychlostni-kamera.cz\/sk\/wp-json\/wp\/v2\/product_cat?post=810"},{"taxonomy":"product_tag","embeddable":true,"href":"https:\/\/vysokorychlostni-kamera.cz\/sk\/wp-json\/wp\/v2\/product_tag?post=810"}],"curies":[{"name":"wp","href":"https:\/\/api.w.org\/{rel}","templated":true}]}}