{"id":813,"date":"2023-12-06T16:30:02","date_gmt":"2023-12-06T16:30:02","guid":{"rendered":"https:\/\/vysokorychlostni-kamera.cz\/produkt\/multiled-gx8\/"},"modified":"2025-10-10T10:42:27","modified_gmt":"2025-10-10T10:42:27","slug":"multiled-gx8","status":"publish","type":"product","link":"https:\/\/vysokorychlostni-kamera.cz\/sk\/produkt\/multiled-gx8\/","title":{"rendered":"MULTILED GX8"},"content":{"rendered":"","protected":false},"excerpt":{"rendered":"<p class=\"p1\">MultiLed GX8 je v\u00fdkonn\u00e1 riadiaca a nap\u00e1jacia jednotka a\u017e pre 8 LED svetiel typu ZX, MX, QX a QX MINI. Pon\u00faka komplexn\u00e9 zobrazenie stavu ka\u017ed\u00e9ho pripojen\u00e9ho svetla lampy. Pr\u00edstroj m\u00e1 v\u00fdkon a\u017e 1,2 kW a je vybaven\u00fd ve\u013ek\u00fdm farebn\u00fdm LCD displejom na jednoduch\u00fa navig\u00e1ciu. GX8 podporuje r\u00f4zne vstupy sp\u00fa\u0161\u0165ania osvetlenia vr\u00e1tane TTL a je k dispoz\u00edcii v \u0161tandardnom stolnom vyhotoven\u00ed alebo ako volite\u013en\u00e1 verzia pre mont\u00e1\u017e do 19&#8243; 2U racku. Jednotka je ide\u00e1lna pre vysokor\u00fdchlostn\u00e9 kamery a aplik\u00e1cie strojov\u00e9ho videnia.<\/p>\n","protected":false},"featured_media":709,"template":"","meta":[],"product_cat":[45,41],"product_tag":[],"class_list":{"0":"post-813","1":"product","2":"type-product","3":"status-publish","4":"has-post-thumbnail","6":"product_cat-gs-vitec-sk","7":"product_cat-kompletni-nabidka-sk","9":"first","10":"instock","11":"virtual","12":"product-type-simple"},"_links":{"self":[{"href":"https:\/\/vysokorychlostni-kamera.cz\/sk\/wp-json\/wp\/v2\/product\/813","targetHints":{"allow":["GET"]}}],"collection":[{"href":"https:\/\/vysokorychlostni-kamera.cz\/sk\/wp-json\/wp\/v2\/product"}],"about":[{"href":"https:\/\/vysokorychlostni-kamera.cz\/sk\/wp-json\/wp\/v2\/types\/product"}],"wp:featuredmedia":[{"embeddable":true,"href":"https:\/\/vysokorychlostni-kamera.cz\/sk\/wp-json\/wp\/v2\/media\/709"}],"wp:attachment":[{"href":"https:\/\/vysokorychlostni-kamera.cz\/sk\/wp-json\/wp\/v2\/media?parent=813"}],"wp:term":[{"taxonomy":"product_cat","embeddable":true,"href":"https:\/\/vysokorychlostni-kamera.cz\/sk\/wp-json\/wp\/v2\/product_cat?post=813"},{"taxonomy":"product_tag","embeddable":true,"href":"https:\/\/vysokorychlostni-kamera.cz\/sk\/wp-json\/wp\/v2\/product_tag?post=813"}],"curies":[{"name":"wp","href":"https:\/\/api.w.org\/{rel}","templated":true}]}}