{"id":815,"date":"2023-12-06T15:33:30","date_gmt":"2023-12-06T15:33:30","guid":{"rendered":"https:\/\/vysokorychlostni-kamera.cz\/produkt\/multiled-g-s8\/"},"modified":"2025-10-10T10:45:52","modified_gmt":"2025-10-10T10:45:52","slug":"multiled-g-s8","status":"publish","type":"product","link":"https:\/\/vysokorychlostni-kamera.cz\/sk\/produkt\/multiled-g-s8\/","title":{"rendered":"MULTILED G-S8"},"content":{"rendered":"","protected":false},"excerpt":{"rendered":"<p class=\"p1\">MultiLed G-S8 je dokonal\u00e9 rie\u0161enie osvetlenia LED na sn\u00edmanie makroaplik\u00e1ci\u00ed pomocou vysokor\u00fdchlostn\u00fdch fotoapar\u00e1tov. Tento syst\u00e9m pon\u00faka intenzitu a\u017e 120 mili\u00f3nov luxov v ohniskovom bode s a\u017e 8 svetlami. V\u010faka dotykov\u00e9mu ovl\u00e1daniu na konfigur\u00e1ciu umo\u017e\u0148uje flexibiln\u00e9 umiestnenie a nastavenie a\u017e 8 LED svetiel &#8222;S3\/xf&#8220; okolo va\u0161ej aplik\u00e1cie. Pon\u00faka akt\u00edvne chladenie, konektor BNC, TTL a riadenie \u0161\u00edrky impulzu do 1,4 MHz. G-S8 je ide\u00e1lny na makro zobrazovanie a mikroskopiu a ako n\u00e1hrada laserov\u00e9ho osvetlenia.<\/p>\n","protected":false},"featured_media":707,"template":"","meta":[],"product_cat":[45,41],"product_tag":[],"class_list":{"0":"post-815","1":"product","2":"type-product","3":"status-publish","4":"has-post-thumbnail","6":"product_cat-gs-vitec-sk","7":"product_cat-kompletni-nabidka-sk","9":"first","10":"instock","11":"virtual","12":"product-type-simple"},"_links":{"self":[{"href":"https:\/\/vysokorychlostni-kamera.cz\/sk\/wp-json\/wp\/v2\/product\/815","targetHints":{"allow":["GET"]}}],"collection":[{"href":"https:\/\/vysokorychlostni-kamera.cz\/sk\/wp-json\/wp\/v2\/product"}],"about":[{"href":"https:\/\/vysokorychlostni-kamera.cz\/sk\/wp-json\/wp\/v2\/types\/product"}],"wp:featuredmedia":[{"embeddable":true,"href":"https:\/\/vysokorychlostni-kamera.cz\/sk\/wp-json\/wp\/v2\/media\/707"}],"wp:attachment":[{"href":"https:\/\/vysokorychlostni-kamera.cz\/sk\/wp-json\/wp\/v2\/media?parent=815"}],"wp:term":[{"taxonomy":"product_cat","embeddable":true,"href":"https:\/\/vysokorychlostni-kamera.cz\/sk\/wp-json\/wp\/v2\/product_cat?post=815"},{"taxonomy":"product_tag","embeddable":true,"href":"https:\/\/vysokorychlostni-kamera.cz\/sk\/wp-json\/wp\/v2\/product_tag?post=815"}],"curies":[{"name":"wp","href":"https:\/\/api.w.org\/{rel}","templated":true}]}}