{"id":816,"date":"2023-12-06T14:52:45","date_gmt":"2023-12-06T14:52:45","guid":{"rendered":"https:\/\/vysokorychlostni-kamera.cz\/produkt\/multiled-l5\/"},"modified":"2025-10-10T10:46:36","modified_gmt":"2025-10-10T10:46:36","slug":"multiled-l5","status":"publish","type":"product","link":"https:\/\/vysokorychlostni-kamera.cz\/sk\/produkt\/multiled-l5\/","title":{"rendered":"MULTILED L5"},"content":{"rendered":"","protected":false},"excerpt":{"rendered":"<p class=\"p1\">MultiLed L5 je vysoko v\u00fdkonn\u00e9 LED svetlo ur\u010den\u00e9 na pulzn\u00fa prev\u00e1dzku s mal\u00fdm pracovn\u00fdm cyklom alebo na kr\u00e1tkodob\u00e9 pou\u017eitie. Pon\u00faka ploch\u00fd dizajn s volite\u013en\u00fdm chladi\u010dom a ventil\u00e1torom. S v\u00fdkonom 500 W a pre\u0165a\u017een\u00edm a\u017e 1,3 kW poskytuje sveteln\u00fd tok a\u017e 50 000 l\u00famenov, ktor\u00fd mo\u017eno v re\u017eime pre\u0165a\u017eenia zv\u00fd\u0161i\u0165 na 70 000 l\u00famenov. T\u00e1to jednotka s bielou LED a ve\u013emi homog\u00e9nnym osvetlen\u00edm je k dispoz\u00edcii s 15\u00b0, 30\u00b0, 50\u00b0, 60\u00b0 alebo 115\u00b0 FWHM \u0161o\u0161ovkami.   <\/p>\n","protected":false},"featured_media":705,"template":"","meta":[],"product_cat":[45,41],"product_tag":[],"class_list":{"0":"post-816","1":"product","2":"type-product","3":"status-publish","4":"has-post-thumbnail","6":"product_cat-gs-vitec-sk","7":"product_cat-kompletni-nabidka-sk","9":"first","10":"instock","11":"virtual","12":"product-type-simple"},"_links":{"self":[{"href":"https:\/\/vysokorychlostni-kamera.cz\/sk\/wp-json\/wp\/v2\/product\/816","targetHints":{"allow":["GET"]}}],"collection":[{"href":"https:\/\/vysokorychlostni-kamera.cz\/sk\/wp-json\/wp\/v2\/product"}],"about":[{"href":"https:\/\/vysokorychlostni-kamera.cz\/sk\/wp-json\/wp\/v2\/types\/product"}],"wp:featuredmedia":[{"embeddable":true,"href":"https:\/\/vysokorychlostni-kamera.cz\/sk\/wp-json\/wp\/v2\/media\/705"}],"wp:attachment":[{"href":"https:\/\/vysokorychlostni-kamera.cz\/sk\/wp-json\/wp\/v2\/media?parent=816"}],"wp:term":[{"taxonomy":"product_cat","embeddable":true,"href":"https:\/\/vysokorychlostni-kamera.cz\/sk\/wp-json\/wp\/v2\/product_cat?post=816"},{"taxonomy":"product_tag","embeddable":true,"href":"https:\/\/vysokorychlostni-kamera.cz\/sk\/wp-json\/wp\/v2\/product_tag?post=816"}],"curies":[{"name":"wp","href":"https:\/\/api.w.org\/{rel}","templated":true}]}}