{"id":817,"date":"2023-12-06T14:07:28","date_gmt":"2023-12-06T14:07:28","guid":{"rendered":"https:\/\/vysokorychlostni-kamera.cz\/produkt\/multiled-l7-xf\/"},"modified":"2025-10-10T10:48:00","modified_gmt":"2025-10-10T10:48:00","slug":"multiled-l7-xf","status":"publish","type":"product","link":"https:\/\/vysokorychlostni-kamera.cz\/sk\/produkt\/multiled-l7-xf\/","title":{"rendered":"MULTILED L7-XF"},"content":{"rendered":"","protected":false},"excerpt":{"rendered":"<p class=\"p1\">MultiLed L7-XF je \u0161pecializovan\u00e1 osvet\u013eovacia jednotka LED ur\u010den\u00e1 na pulzn\u00fa prev\u00e1dzku s mal\u00fdm pracovn\u00fdm cyklom. S v\u00fdkonom a\u017e 720 W a nadpr\u00fadov\u00fdm re\u017eimom a\u017e do 6 kW poskytuje sveteln\u00fd tok 75 000 l\u00famenov, ktor\u00fd mo\u017eno v re\u017eime pre\u0165a\u017eenia zv\u00fd\u0161i\u0165 na 150 000 l\u00famenov. T\u00e1to ploch\u00e1 jednotka (10 mm) s bielou LED pon\u00faka ve\u013emi homog\u00e9nne osvetlenie a je k dispoz\u00edcii s 15\u00b0, 30\u00b0, 50\u00b0, 60\u00b0 alebo 115\u00b0 FWHM \u0161o\u0161ovkami. S\u00fa\u010das\u0165ou balenia je 60 W nap\u00e1jac\u00ed zdroj s 5 m k\u00e1blom a konektorom M8.<\/p>\n","protected":false},"featured_media":696,"template":"","meta":[],"product_cat":[45,41],"product_tag":[],"class_list":{"0":"post-817","1":"product","2":"type-product","3":"status-publish","4":"has-post-thumbnail","6":"product_cat-gs-vitec-sk","7":"product_cat-kompletni-nabidka-sk","9":"first","10":"instock","11":"virtual","12":"product-type-simple"},"_links":{"self":[{"href":"https:\/\/vysokorychlostni-kamera.cz\/sk\/wp-json\/wp\/v2\/product\/817","targetHints":{"allow":["GET"]}}],"collection":[{"href":"https:\/\/vysokorychlostni-kamera.cz\/sk\/wp-json\/wp\/v2\/product"}],"about":[{"href":"https:\/\/vysokorychlostni-kamera.cz\/sk\/wp-json\/wp\/v2\/types\/product"}],"wp:featuredmedia":[{"embeddable":true,"href":"https:\/\/vysokorychlostni-kamera.cz\/sk\/wp-json\/wp\/v2\/media\/696"}],"wp:attachment":[{"href":"https:\/\/vysokorychlostni-kamera.cz\/sk\/wp-json\/wp\/v2\/media?parent=817"}],"wp:term":[{"taxonomy":"product_cat","embeddable":true,"href":"https:\/\/vysokorychlostni-kamera.cz\/sk\/wp-json\/wp\/v2\/product_cat?post=817"},{"taxonomy":"product_tag","embeddable":true,"href":"https:\/\/vysokorychlostni-kamera.cz\/sk\/wp-json\/wp\/v2\/product_tag?post=817"}],"curies":[{"name":"wp","href":"https:\/\/api.w.org\/{rel}","templated":true}]}}