{"id":818,"date":"2023-12-06T09:41:27","date_gmt":"2023-12-06T09:41:27","guid":{"rendered":"https:\/\/vysokorychlostni-kamera.cz\/produkt\/multiled-lt\/"},"modified":"2025-10-10T10:49:46","modified_gmt":"2025-10-10T10:49:46","slug":"multiled-lt","status":"publish","type":"product","link":"https:\/\/vysokorychlostni-kamera.cz\/sk\/produkt\/multiled-lt\/","title":{"rendered":"MULTILED SK"},"content":{"rendered":"","protected":false},"excerpt":{"rendered":"<p class=\"p1\">MultiLed LT je v\u00fdkonn\u00e1 osvet\u013eovacia jednotka LED s 24 vysokov\u00fdkonn\u00fdmi LED di\u00f3dami, ktor\u00e9 poskytuj\u00fa celkovo 14 000 l\u00famenov pri v\u00fdkone 135 W. Je vybaven\u00e1 robustn\u00fdm konektorom XLR a vn\u00fatorn\u00fdm ventil\u00e1torom s kryt\u00edm IP20 na pou\u017eitie v r\u00f4znych prostrediach. S rozmermi 146 x 106 x 84 mm a \u0161tandardn\u00fdm 1\/4 palcov\u00fdm z\u00e1vitom pre fotografick\u00e9 pr\u00edslu\u0161enstvo je svietidlo MultiLed LT ide\u00e1lne na r\u00f4zne osvet\u013eovacie aplik\u00e1cie. S\u00fa\u010das\u0165ou balenia je nap\u00e1jac\u00ed zdroj s 5 m k\u00e1blom a mo\u017enos\u0165ou vy\u017eiada\u0165 si dlh\u0161ie alebo in\u00e9 typy k\u00e1blov.<\/p>\n","protected":false},"featured_media":695,"template":"","meta":[],"product_cat":[45,41],"product_tag":[],"class_list":{"0":"post-818","1":"product","2":"type-product","3":"status-publish","4":"has-post-thumbnail","6":"product_cat-gs-vitec-sk","7":"product_cat-kompletni-nabidka-sk","9":"first","10":"instock","11":"virtual","12":"product-type-simple"},"_links":{"self":[{"href":"https:\/\/vysokorychlostni-kamera.cz\/sk\/wp-json\/wp\/v2\/product\/818","targetHints":{"allow":["GET"]}}],"collection":[{"href":"https:\/\/vysokorychlostni-kamera.cz\/sk\/wp-json\/wp\/v2\/product"}],"about":[{"href":"https:\/\/vysokorychlostni-kamera.cz\/sk\/wp-json\/wp\/v2\/types\/product"}],"wp:featuredmedia":[{"embeddable":true,"href":"https:\/\/vysokorychlostni-kamera.cz\/sk\/wp-json\/wp\/v2\/media\/695"}],"wp:attachment":[{"href":"https:\/\/vysokorychlostni-kamera.cz\/sk\/wp-json\/wp\/v2\/media?parent=818"}],"wp:term":[{"taxonomy":"product_cat","embeddable":true,"href":"https:\/\/vysokorychlostni-kamera.cz\/sk\/wp-json\/wp\/v2\/product_cat?post=818"},{"taxonomy":"product_tag","embeddable":true,"href":"https:\/\/vysokorychlostni-kamera.cz\/sk\/wp-json\/wp\/v2\/product_tag?post=818"}],"curies":[{"name":"wp","href":"https:\/\/api.w.org\/{rel}","templated":true}]}}