{"id":819,"date":"2023-12-06T09:21:54","date_gmt":"2023-12-06T09:21:54","guid":{"rendered":"https:\/\/vysokorychlostni-kamera.cz\/produkt\/multiled-lt-max\/"},"modified":"2025-10-10T10:51:03","modified_gmt":"2025-10-10T10:51:03","slug":"multiled-lt-max","status":"publish","type":"product","link":"https:\/\/vysokorychlostni-kamera.cz\/sk\/produkt\/multiled-lt-max\/","title":{"rendered":"MULTILED LT MAX"},"content":{"rendered":"","protected":false},"excerpt":{"rendered":"<p class=\"p1\">MultiLed LT MAX je v\u00fdkonn\u00e1 osvet\u013eovacia jednotka LED s 24 vysokov\u00fdkonn\u00fdmi LED di\u00f3dami, ktor\u00e9 poskytuj\u00fa celkovo 24 000 l\u00famenov pri v\u00fdkone 240 W. T\u00e1to robustn\u00e1 a spo\u013eahliv\u00e1 jednotka s kryt\u00edm IP20 je ide\u00e1lna na aplik\u00e1cie vy\u017eaduj\u00face intenz\u00edvne a nepretr\u017eit\u00e9 osvetlenie. S rozmermi 146 x 106 x 84 mm a \u0161tandardn\u00fdm 1\/4 palcov\u00fdm z\u00e1vitom na fotografick\u00e9 pr\u00edslu\u0161enstvo. MultiLed LT MAX je flexibiln\u00e9 a \u013eahko in\u0161talovate\u013en\u00e9 svetlo. Dod\u00e1va sa s nap\u00e1jac\u00edm zdrojom a 5 m k\u00e1blom a mo\u017enos\u0165ou vy\u017eiada\u0165 si dlh\u0161\u00ed alebo in\u00fd typ k\u00e1bla.<\/p>\n","protected":false},"featured_media":695,"template":"","meta":[],"product_cat":[45,41],"product_tag":[],"class_list":{"0":"post-819","1":"product","2":"type-product","3":"status-publish","4":"has-post-thumbnail","6":"product_cat-gs-vitec-sk","7":"product_cat-kompletni-nabidka-sk","9":"first","10":"instock","11":"virtual","12":"product-type-simple"},"_links":{"self":[{"href":"https:\/\/vysokorychlostni-kamera.cz\/sk\/wp-json\/wp\/v2\/product\/819","targetHints":{"allow":["GET"]}}],"collection":[{"href":"https:\/\/vysokorychlostni-kamera.cz\/sk\/wp-json\/wp\/v2\/product"}],"about":[{"href":"https:\/\/vysokorychlostni-kamera.cz\/sk\/wp-json\/wp\/v2\/types\/product"}],"wp:featuredmedia":[{"embeddable":true,"href":"https:\/\/vysokorychlostni-kamera.cz\/sk\/wp-json\/wp\/v2\/media\/695"}],"wp:attachment":[{"href":"https:\/\/vysokorychlostni-kamera.cz\/sk\/wp-json\/wp\/v2\/media?parent=819"}],"wp:term":[{"taxonomy":"product_cat","embeddable":true,"href":"https:\/\/vysokorychlostni-kamera.cz\/sk\/wp-json\/wp\/v2\/product_cat?post=819"},{"taxonomy":"product_tag","embeddable":true,"href":"https:\/\/vysokorychlostni-kamera.cz\/sk\/wp-json\/wp\/v2\/product_tag?post=819"}],"curies":[{"name":"wp","href":"https:\/\/api.w.org\/{rel}","templated":true}]}}