{"id":820,"date":"2023-12-04T15:25:04","date_gmt":"2023-12-04T15:25:04","guid":{"rendered":"https:\/\/vysokorychlostni-kamera.cz\/produkt\/multiled-qx-mini\/"},"modified":"2025-10-10T10:51:31","modified_gmt":"2025-10-10T10:51:31","slug":"multiled-qx-mini","status":"publish","type":"product","link":"https:\/\/vysokorychlostni-kamera.cz\/sk\/produkt\/multiled-qx-mini\/","title":{"rendered":"MULTILED QX MINI"},"content":{"rendered":"","protected":false},"excerpt":{"rendered":"<p class=\"p1\">MultiLed QX MINI je na\u0161e najmen\u0161ie vysoko v\u00fdkonn\u00e9 LED svetlo, ktor\u00e9 pon\u00faka 7 000 l\u00famenov bieleho svetla v kompaktnom a efekt\u00edvnom dizajne. QX MINI s v\u00fdkonom iba 70 W a 7 LED di\u00f3dami je ide\u00e1lny pre aplik\u00e1cie, kde je obmedzen\u00fd priestor, ale vy\u017eaduje sa vysok\u00fd v\u00fdkon osvetlenia. Tento model s kryt\u00edm IP20 a vn\u00fatorn\u00fdm ventil\u00e1torom poskytuje nepretr\u017eit\u00e9 osvetlenie a je vybaven\u00fd \u0161tandardn\u00fdm 1\/4-palcov\u00fdm z\u00e1vitom pre fotografick\u00e9 pr\u00edslu\u0161enstvo a mont\u00e1\u017e. S predin\u0161talovan\u00fdm objekt\u00edvom s uhlom z\u00e1beru 22\u00b0 FWHM a volite\u013en\u00fdmi objekt\u00edvmi s uhlom z\u00e1beru 27\u00b0 a 41\u00b0 FWHM je svietidlo MultiLed QX MINI univerz\u00e1lnou vo\u013ebou pre r\u00f4zne po\u017eiadavky na osvetlenie.<\/p>\n","protected":false},"featured_media":694,"template":"","meta":[],"product_cat":[45,41],"product_tag":[],"class_list":{"0":"post-820","1":"product","2":"type-product","3":"status-publish","4":"has-post-thumbnail","6":"product_cat-gs-vitec-sk","7":"product_cat-kompletni-nabidka-sk","9":"first","10":"instock","11":"virtual","12":"product-type-simple"},"_links":{"self":[{"href":"https:\/\/vysokorychlostni-kamera.cz\/sk\/wp-json\/wp\/v2\/product\/820","targetHints":{"allow":["GET"]}}],"collection":[{"href":"https:\/\/vysokorychlostni-kamera.cz\/sk\/wp-json\/wp\/v2\/product"}],"about":[{"href":"https:\/\/vysokorychlostni-kamera.cz\/sk\/wp-json\/wp\/v2\/types\/product"}],"wp:featuredmedia":[{"embeddable":true,"href":"https:\/\/vysokorychlostni-kamera.cz\/sk\/wp-json\/wp\/v2\/media\/694"}],"wp:attachment":[{"href":"https:\/\/vysokorychlostni-kamera.cz\/sk\/wp-json\/wp\/v2\/media?parent=820"}],"wp:term":[{"taxonomy":"product_cat","embeddable":true,"href":"https:\/\/vysokorychlostni-kamera.cz\/sk\/wp-json\/wp\/v2\/product_cat?post=820"},{"taxonomy":"product_tag","embeddable":true,"href":"https:\/\/vysokorychlostni-kamera.cz\/sk\/wp-json\/wp\/v2\/product_tag?post=820"}],"curies":[{"name":"wp","href":"https:\/\/api.w.org\/{rel}","templated":true}]}}