{"id":821,"date":"2023-12-04T14:34:41","date_gmt":"2023-12-04T14:34:41","guid":{"rendered":"https:\/\/vysokorychlostni-kamera.cz\/produkt\/multiled-qx\/"},"modified":"2025-10-10T10:52:46","modified_gmt":"2025-10-10T10:52:46","slug":"multiled-qx","status":"publish","type":"product","link":"https:\/\/vysokorychlostni-kamera.cz\/sk\/produkt\/multiled-qx\/","title":{"rendered":"MULTILED QX"},"content":{"rendered":"","protected":false},"excerpt":{"rendered":"<p class=\"p1\">MultiLed QX je samostatn\u00e9 svietidlo ur\u010den\u00e9 na nepretr\u017eit\u00fa prev\u00e1dzku, ktor\u00e9 pon\u00faka v\u00fdkon 12 000 l\u00famenov a je ide\u00e1lne na priemyseln\u00e9 aplik\u00e1cie. S predin\u0161talovan\u00fdm objekt\u00edvom 12\u00b0x12\u00b0 a volite\u013en\u00fdmi objekt\u00edvmi a\u017e do 60\u00b0x60\u00b0 poskytuje flexibiln\u00e9 pokrytie svetlom. MultiLed QX je vybaven\u00fd \u0161tandardn\u00fdm nap\u00e1jac\u00edm zdrojom s 5 m k\u00e1blom. Jeho kompaktn\u00e9 rozmery a hmotnos\u0165 650 g zaru\u010duj\u00fa jednoduch\u00fa in\u0161tal\u00e1ciu a manipul\u00e1ciu, v\u010faka \u010domu je MultiLed QX ide\u00e1lny pre \u0161irok\u00fa \u0161k\u00e1lu priemyseln\u00fdch aplik\u00e1ci\u00ed.<\/p>\n","protected":false},"featured_media":692,"template":"","meta":[],"product_cat":[45,41],"product_tag":[],"class_list":{"0":"post-821","1":"product","2":"type-product","3":"status-publish","4":"has-post-thumbnail","6":"product_cat-gs-vitec-sk","7":"product_cat-kompletni-nabidka-sk","9":"first","10":"instock","11":"virtual","12":"product-type-simple"},"_links":{"self":[{"href":"https:\/\/vysokorychlostni-kamera.cz\/sk\/wp-json\/wp\/v2\/product\/821","targetHints":{"allow":["GET"]}}],"collection":[{"href":"https:\/\/vysokorychlostni-kamera.cz\/sk\/wp-json\/wp\/v2\/product"}],"about":[{"href":"https:\/\/vysokorychlostni-kamera.cz\/sk\/wp-json\/wp\/v2\/types\/product"}],"wp:featuredmedia":[{"embeddable":true,"href":"https:\/\/vysokorychlostni-kamera.cz\/sk\/wp-json\/wp\/v2\/media\/692"}],"wp:attachment":[{"href":"https:\/\/vysokorychlostni-kamera.cz\/sk\/wp-json\/wp\/v2\/media?parent=821"}],"wp:term":[{"taxonomy":"product_cat","embeddable":true,"href":"https:\/\/vysokorychlostni-kamera.cz\/sk\/wp-json\/wp\/v2\/product_cat?post=821"},{"taxonomy":"product_tag","embeddable":true,"href":"https:\/\/vysokorychlostni-kamera.cz\/sk\/wp-json\/wp\/v2\/product_tag?post=821"}],"curies":[{"name":"wp","href":"https:\/\/api.w.org\/{rel}","templated":true}]}}