{"id":822,"date":"2023-12-04T09:31:57","date_gmt":"2023-12-04T09:31:57","guid":{"rendered":"https:\/\/vysokorychlostni-kamera.cz\/produkt\/multiled-mx\/"},"modified":"2025-10-10T10:53:44","modified_gmt":"2025-10-10T10:53:44","slug":"multiled-mx","status":"publish","type":"product","link":"https:\/\/vysokorychlostni-kamera.cz\/sk\/produkt\/multiled-mx\/","title":{"rendered":"MULTILED MX"},"content":{"rendered":"","protected":false},"excerpt":{"rendered":"<p class=\"p1\">MultiLed MX je dokonal\u00e9 rie\u0161enie priemyseln\u00e9ho osvetlenia, ktor\u00e9 sp\u00e1ja vysok\u00fa \u00fa\u010dinnos\u0165, dlh\u00fa \u017eivotnos\u0165 a v\u0161estrann\u00e9 pou\u017eitie. Tento v\u00fdrobok je ide\u00e1lny pre r\u00f4zne priemyseln\u00e9 aplik\u00e1cie v\u010faka svojej schopnosti poskytova\u0165 rovnomern\u00e9 a v\u00fdkonn\u00e9 osvetlenie. Svetlo MultiLed MX je navrhnut\u00e9 tak, aby sp\u013a\u0148alo \u0161pecifick\u00e9 po\u017eiadavky priemyseln\u00e9ho prostredia a je vybaven\u00e9 najmodernej\u0161ou technol\u00f3giou LED.<\/p>\n","protected":false},"featured_media":693,"template":"","meta":[],"product_cat":[45,41],"product_tag":[],"class_list":{"0":"post-822","1":"product","2":"type-product","3":"status-publish","4":"has-post-thumbnail","6":"product_cat-gs-vitec-sk","7":"product_cat-kompletni-nabidka-sk","9":"first","10":"instock","11":"virtual","12":"product-type-simple"},"_links":{"self":[{"href":"https:\/\/vysokorychlostni-kamera.cz\/sk\/wp-json\/wp\/v2\/product\/822","targetHints":{"allow":["GET"]}}],"collection":[{"href":"https:\/\/vysokorychlostni-kamera.cz\/sk\/wp-json\/wp\/v2\/product"}],"about":[{"href":"https:\/\/vysokorychlostni-kamera.cz\/sk\/wp-json\/wp\/v2\/types\/product"}],"wp:featuredmedia":[{"embeddable":true,"href":"https:\/\/vysokorychlostni-kamera.cz\/sk\/wp-json\/wp\/v2\/media\/693"}],"wp:attachment":[{"href":"https:\/\/vysokorychlostni-kamera.cz\/sk\/wp-json\/wp\/v2\/media?parent=822"}],"wp:term":[{"taxonomy":"product_cat","embeddable":true,"href":"https:\/\/vysokorychlostni-kamera.cz\/sk\/wp-json\/wp\/v2\/product_cat?post=822"},{"taxonomy":"product_tag","embeddable":true,"href":"https:\/\/vysokorychlostni-kamera.cz\/sk\/wp-json\/wp\/v2\/product_tag?post=822"}],"curies":[{"name":"wp","href":"https:\/\/api.w.org\/{rel}","templated":true}]}}