{"id":823,"date":"2023-11-22T09:39:19","date_gmt":"2023-11-22T09:39:19","guid":{"rendered":"https:\/\/vysokorychlostni-kamera.cz\/produkt\/mega-speed-max-v3\/"},"modified":"2025-10-10T10:59:56","modified_gmt":"2025-10-10T10:59:56","slug":"mega-speed-max-v3","status":"publish","type":"product","link":"https:\/\/vysokorychlostni-kamera.cz\/sk\/produkt\/mega-speed-max-v3\/","title":{"rendered":"Mega Speed Max V3"},"content":{"rendered":"","protected":false},"excerpt":{"rendered":"<p class=\"p1\">Kamera Mega Speed Max V3 je vybaven\u00e1 4\/3\u2033 sn\u00edma\u010dom CMOS, ktor\u00fd umo\u017e\u0148uje farebn\u00fd alebo monochromatick\u00fd z\u00e1znam s maxim\u00e1lnym rozl\u00ed\u0161en\u00edm 1920 x 1080 pixelov. Tento fotoapar\u00e1t dosahuje a\u017e 3 000 sn\u00edmok za sekundu pri maxim\u00e1lnom rozl\u00ed\u0161en\u00ed a a\u017e 290 000 sn\u00edmok za sekundu pri zn\u00ed\u017eenom rozl\u00ed\u0161en\u00ed. Fotoapar\u00e1t m\u00e1 integrovan\u00e9 pracovn\u00e9 osvetlenie LED, 7-palcov\u00fd displej LCD s vysok\u00fdm rozl\u00ed\u0161en\u00edm a viacdotykov\u00e9 ovl\u00e1danie. Pon\u00faka glob\u00e1lnu elektronick\u00fa uz\u00e1vierku s rozsahom 1 \u03bcs a\u017e 40 ms, ekvivalent ISO a\u017e do 10 000, 8-bitov\u00fa a 10-bitov\u00fa farebn\u00fa h\u013abku.<\/p>\n","protected":false},"featured_media":666,"template":"","meta":[],"product_cat":[41,43],"product_tag":[],"class_list":{"0":"post-823","1":"product","2":"type-product","3":"status-publish","4":"has-post-thumbnail","6":"product_cat-kompletni-nabidka-sk","7":"product_cat-mega-speed-sk","9":"first","10":"instock","11":"virtual","12":"product-type-simple"},"_links":{"self":[{"href":"https:\/\/vysokorychlostni-kamera.cz\/sk\/wp-json\/wp\/v2\/product\/823","targetHints":{"allow":["GET"]}}],"collection":[{"href":"https:\/\/vysokorychlostni-kamera.cz\/sk\/wp-json\/wp\/v2\/product"}],"about":[{"href":"https:\/\/vysokorychlostni-kamera.cz\/sk\/wp-json\/wp\/v2\/types\/product"}],"wp:featuredmedia":[{"embeddable":true,"href":"https:\/\/vysokorychlostni-kamera.cz\/sk\/wp-json\/wp\/v2\/media\/666"}],"wp:attachment":[{"href":"https:\/\/vysokorychlostni-kamera.cz\/sk\/wp-json\/wp\/v2\/media?parent=823"}],"wp:term":[{"taxonomy":"product_cat","embeddable":true,"href":"https:\/\/vysokorychlostni-kamera.cz\/sk\/wp-json\/wp\/v2\/product_cat?post=823"},{"taxonomy":"product_tag","embeddable":true,"href":"https:\/\/vysokorychlostni-kamera.cz\/sk\/wp-json\/wp\/v2\/product_tag?post=823"}],"curies":[{"name":"wp","href":"https:\/\/api.w.org\/{rel}","templated":true}]}}