{"id":824,"date":"2023-11-22T09:37:13","date_gmt":"2023-11-22T09:37:13","guid":{"rendered":"https:\/\/vysokorychlostni-kamera.cz\/produkt\/megaspeed-x9-pro\/"},"modified":"2025-10-10T09:28:03","modified_gmt":"2025-10-10T09:28:03","slug":"megaspeed-x9-pro","status":"publish","type":"product","link":"https:\/\/vysokorychlostni-kamera.cz\/sk\/produkt\/megaspeed-x9-pro\/","title":{"rendered":"Mega Speed X9 Pro"},"content":{"rendered":"","protected":false},"excerpt":{"rendered":"<p class=\"p1\">Mega Speed X9 PRO je vysokor\u00fdchlostn\u00e1 kamera schopn\u00e1 zaznamena\u0165 a\u017e 2 000 sn\u00edmok za sekundu pri rozl\u00ed\u0161en\u00ed 1920 x 1080 px a a\u017e 4 000 sn\u00edmok za sekundu pri zn\u00ed\u017eenom rozl\u00ed\u0161en\u00ed 1280 x 540 px. Tento ru\u010dn\u00fd fotoapar\u00e1t so \u0161irokouhl\u00fdm sn\u00edma\u010dom s rozl\u00ed\u0161en\u00edm 1080p je ur\u010den\u00fd na rie\u0161enie probl\u00e9mov v r\u00f4znych podmienkach sn\u00edmania. Je vybaven\u00fd vstavan\u00fdmi v\u00fdkonn\u00fdmi LED svetlami, ve\u013ek\u00fdm 6-palcov\u00fdm dotykov\u00fdm displejom, v\u00fdstupom HDMI pre extern\u00e9 monitory a 16 GB vysokor\u00fdchlostnej pam\u00e4te RAM.<\/p>\n","protected":false},"featured_media":672,"template":"","meta":[],"product_cat":[41,43],"product_tag":[],"class_list":{"0":"post-824","1":"product","2":"type-product","3":"status-publish","4":"has-post-thumbnail","6":"product_cat-kompletni-nabidka-sk","7":"product_cat-mega-speed-sk","9":"first","10":"instock","11":"virtual","12":"product-type-simple"},"_links":{"self":[{"href":"https:\/\/vysokorychlostni-kamera.cz\/sk\/wp-json\/wp\/v2\/product\/824","targetHints":{"allow":["GET"]}}],"collection":[{"href":"https:\/\/vysokorychlostni-kamera.cz\/sk\/wp-json\/wp\/v2\/product"}],"about":[{"href":"https:\/\/vysokorychlostni-kamera.cz\/sk\/wp-json\/wp\/v2\/types\/product"}],"wp:featuredmedia":[{"embeddable":true,"href":"https:\/\/vysokorychlostni-kamera.cz\/sk\/wp-json\/wp\/v2\/media\/672"}],"wp:attachment":[{"href":"https:\/\/vysokorychlostni-kamera.cz\/sk\/wp-json\/wp\/v2\/media?parent=824"}],"wp:term":[{"taxonomy":"product_cat","embeddable":true,"href":"https:\/\/vysokorychlostni-kamera.cz\/sk\/wp-json\/wp\/v2\/product_cat?post=824"},{"taxonomy":"product_tag","embeddable":true,"href":"https:\/\/vysokorychlostni-kamera.cz\/sk\/wp-json\/wp\/v2\/product_tag?post=824"}],"curies":[{"name":"wp","href":"https:\/\/api.w.org\/{rel}","templated":true}]}}