{"id":826,"date":"2023-11-22T09:30:38","date_gmt":"2023-11-22T09:30:38","guid":{"rendered":"https:\/\/vysokorychlostni-kamera.cz\/produkt\/mega-speed-x8-pro\/"},"modified":"2025-10-10T09:30:11","modified_gmt":"2025-10-10T09:30:11","slug":"mega-speed-x8-pro","status":"publish","type":"product","link":"https:\/\/vysokorychlostni-kamera.cz\/sk\/produkt\/mega-speed-x8-pro\/","title":{"rendered":"Mega Speed X8 Pro"},"content":{"rendered":"","protected":false},"excerpt":{"rendered":"<p class=\"p1\">Mega Speed X8 PRO je vysoko v\u00fdkonn\u00e1 prenosn\u00e1 kamera \u0161pecializovan\u00e1 na vysokor\u00fdchlostn\u00e9 sn\u00edmanie a diagnostiku. Pon\u00faka r\u00fdchlos\u0165 z\u00e1znamu a\u017e 4 000 sn\u00edmok za sekundu pri rozl\u00ed\u0161en\u00ed 1280 x 800 px a a\u017e 8 000 sn\u00edmok za sekundu pri zn\u00ed\u017eenom rozl\u00ed\u0161en\u00ed. Je vybaven\u00fd v\u00fdkonn\u00fdmi pracovn\u00fdmi svetlami LED pre n\u00e1ro\u010dn\u00e9 sveteln\u00e9 podmienky, ve\u013ek\u00fdm 6-palcov\u00fdm dotykov\u00fdm displejom, v\u00fdstupom HDMI pre extern\u00e9 monitory, a\u017e 16 GB vysokor\u00fdchlostnej pam\u00e4te RAM a a\u017e 2 TB diskom SSD s funkciou hot swap. Obsahuje tie\u017e sloty USB a micro SD na ukladanie d\u00e1t, vysokor\u00fdchlostn\u00e9 gigabitov\u00e9 rozhranie na ovl\u00e1danie PC, pripojenie objekt\u00edvu C-mount, vysokokapacitn\u00fa bat\u00e9riu LiPo, odoln\u00e9 telo ABS a softv\u00e9r na anal\u00fdzu PC.<\/p>\n","protected":false},"featured_media":670,"template":"","meta":[],"product_cat":[41,43],"product_tag":[],"class_list":{"0":"post-826","1":"product","2":"type-product","3":"status-publish","4":"has-post-thumbnail","6":"product_cat-kompletni-nabidka-sk","7":"product_cat-mega-speed-sk","9":"first","10":"instock","11":"virtual","12":"product-type-simple"},"_links":{"self":[{"href":"https:\/\/vysokorychlostni-kamera.cz\/sk\/wp-json\/wp\/v2\/product\/826","targetHints":{"allow":["GET"]}}],"collection":[{"href":"https:\/\/vysokorychlostni-kamera.cz\/sk\/wp-json\/wp\/v2\/product"}],"about":[{"href":"https:\/\/vysokorychlostni-kamera.cz\/sk\/wp-json\/wp\/v2\/types\/product"}],"wp:featuredmedia":[{"embeddable":true,"href":"https:\/\/vysokorychlostni-kamera.cz\/sk\/wp-json\/wp\/v2\/media\/670"}],"wp:attachment":[{"href":"https:\/\/vysokorychlostni-kamera.cz\/sk\/wp-json\/wp\/v2\/media?parent=826"}],"wp:term":[{"taxonomy":"product_cat","embeddable":true,"href":"https:\/\/vysokorychlostni-kamera.cz\/sk\/wp-json\/wp\/v2\/product_cat?post=826"},{"taxonomy":"product_tag","embeddable":true,"href":"https:\/\/vysokorychlostni-kamera.cz\/sk\/wp-json\/wp\/v2\/product_tag?post=826"}],"curies":[{"name":"wp","href":"https:\/\/api.w.org\/{rel}","templated":true}]}}