{"id":827,"date":"2023-11-22T09:16:50","date_gmt":"2023-11-22T09:16:50","guid":{"rendered":"https:\/\/vysokorychlostni-kamera.cz\/produkt\/mega-speed-max-v2\/"},"modified":"2025-10-10T10:58:47","modified_gmt":"2025-10-10T10:58:47","slug":"mega-speed-max-v2","status":"publish","type":"product","link":"https:\/\/vysokorychlostni-kamera.cz\/sk\/produkt\/mega-speed-max-v2\/","title":{"rendered":"Mega Speed Max V2"},"content":{"rendered":"","protected":false},"excerpt":{"rendered":"<p class=\"p1\">Megaspeed Max V2 je vysoko v\u00fdkonn\u00e9 zariadenie so 4\/3\u2033 sn\u00edma\u010dom CMOS, ktor\u00fd poskytuje maxim\u00e1lne rozl\u00ed\u0161enie 1920 x 1080 pixelov. T\u00e1to kamera dok\u00e1\u017ee zaznamena\u0165 a\u017e 2160 sn\u00edmok za sekundu v rozl\u00ed\u0161en\u00ed Full HD. Je vybaven\u00fd integrovan\u00fdmi svetlami LED na lep\u0161ie osvetlenie sc\u00e9ny, 7-palcov\u00fdm dotykov\u00fdm displejom LCD na jednoduch\u00e9 ovl\u00e1danie a glob\u00e1lnou elektronickou uz\u00e1vierkou, ktor\u00e1 eliminuje rozmazanie pri vysok\u00fdch r\u00fdchlostiach. Kamera podporuje aj ukladanie do r\u00f4znych v\u00fdstupn\u00fdch form\u00e1tov vr\u00e1tane MP4, MP5 a AVI.<\/p>\n","protected":false},"featured_media":666,"template":"","meta":[],"product_cat":[41,43],"product_tag":[],"class_list":{"0":"post-827","1":"product","2":"type-product","3":"status-publish","4":"has-post-thumbnail","6":"product_cat-kompletni-nabidka-sk","7":"product_cat-mega-speed-sk","9":"first","10":"instock","11":"virtual","12":"product-type-simple"},"_links":{"self":[{"href":"https:\/\/vysokorychlostni-kamera.cz\/sk\/wp-json\/wp\/v2\/product\/827","targetHints":{"allow":["GET"]}}],"collection":[{"href":"https:\/\/vysokorychlostni-kamera.cz\/sk\/wp-json\/wp\/v2\/product"}],"about":[{"href":"https:\/\/vysokorychlostni-kamera.cz\/sk\/wp-json\/wp\/v2\/types\/product"}],"wp:featuredmedia":[{"embeddable":true,"href":"https:\/\/vysokorychlostni-kamera.cz\/sk\/wp-json\/wp\/v2\/media\/666"}],"wp:attachment":[{"href":"https:\/\/vysokorychlostni-kamera.cz\/sk\/wp-json\/wp\/v2\/media?parent=827"}],"wp:term":[{"taxonomy":"product_cat","embeddable":true,"href":"https:\/\/vysokorychlostni-kamera.cz\/sk\/wp-json\/wp\/v2\/product_cat?post=827"},{"taxonomy":"product_tag","embeddable":true,"href":"https:\/\/vysokorychlostni-kamera.cz\/sk\/wp-json\/wp\/v2\/product_tag?post=827"}],"curies":[{"name":"wp","href":"https:\/\/api.w.org\/{rel}","templated":true}]}}