{"id":828,"date":"2023-11-22T09:15:11","date_gmt":"2023-11-22T09:15:11","guid":{"rendered":"https:\/\/vysokorychlostni-kamera.cz\/produkt\/mega-speed-max-v1\/"},"modified":"2025-10-10T10:59:44","modified_gmt":"2025-10-10T10:59:44","slug":"mega-speed-max-v1","status":"publish","type":"product","link":"https:\/\/vysokorychlostni-kamera.cz\/sk\/produkt\/mega-speed-max-v1\/","title":{"rendered":"Mega Speed Max V1"},"content":{"rendered":"","protected":false},"excerpt":{"rendered":"<p class=\"p1\">Fotoapar\u00e1t Mega Speed Max V1 je vybaven\u00fd 4\/3\u2033 sn\u00edma\u010dom CMOS vo farebnom alebo monochromatickom vyhotoven\u00ed. Pon\u00faka maxim\u00e1lne rozl\u00ed\u0161enie 1920 x 1080 pixelov. Dosahuje a\u017e 1080 sn\u00edmok za sekundu pri maxim\u00e1lnom rozl\u00ed\u0161en\u00ed a a\u017e 57 500 sn\u00edmok za sekundu pri zn\u00ed\u017eenom rozl\u00ed\u0161en\u00ed. Fotoapar\u00e1t m\u00e1 7-palcov\u00fd displej LCD s vysok\u00fdm rozl\u00ed\u0161en\u00edm a podporuje viacdotykov\u00e9 ovl\u00e1danie na \u00fapravu sn\u00edmok a ovl\u00e1danie fotoapar\u00e1tu. Fotoapar\u00e1t m\u00e1 16 GB alebo 32 GB vstavanej pam\u00e4te, 1 TB alebo 2 TB intern\u00fd vysokor\u00fdchlostn\u00fd disk SSD a pon\u00faka ukladanie s\u00faborov vo form\u00e1toch MP4, MP5, AVI, JPEG, BMP, TIFF, RAW a DNG. Fotoapar\u00e1t m\u00e1 tie\u017e pripojenie WiFi a Gigabit Ethernet, podporuje stat\u00edv a na prev\u00e1dzku nevy\u017eaduje po\u010d\u00edta\u010d.<\/p>\n","protected":false},"featured_media":660,"template":"","meta":[],"product_cat":[41,43],"product_tag":[],"class_list":{"0":"post-828","1":"product","2":"type-product","3":"status-publish","4":"has-post-thumbnail","6":"product_cat-kompletni-nabidka-sk","7":"product_cat-mega-speed-sk","9":"first","10":"instock","11":"virtual","12":"product-type-simple"},"_links":{"self":[{"href":"https:\/\/vysokorychlostni-kamera.cz\/sk\/wp-json\/wp\/v2\/product\/828","targetHints":{"allow":["GET"]}}],"collection":[{"href":"https:\/\/vysokorychlostni-kamera.cz\/sk\/wp-json\/wp\/v2\/product"}],"about":[{"href":"https:\/\/vysokorychlostni-kamera.cz\/sk\/wp-json\/wp\/v2\/types\/product"}],"wp:featuredmedia":[{"embeddable":true,"href":"https:\/\/vysokorychlostni-kamera.cz\/sk\/wp-json\/wp\/v2\/media\/660"}],"wp:attachment":[{"href":"https:\/\/vysokorychlostni-kamera.cz\/sk\/wp-json\/wp\/v2\/media?parent=828"}],"wp:term":[{"taxonomy":"product_cat","embeddable":true,"href":"https:\/\/vysokorychlostni-kamera.cz\/sk\/wp-json\/wp\/v2\/product_cat?post=828"},{"taxonomy":"product_tag","embeddable":true,"href":"https:\/\/vysokorychlostni-kamera.cz\/sk\/wp-json\/wp\/v2\/product_tag?post=828"}],"curies":[{"name":"wp","href":"https:\/\/api.w.org\/{rel}","templated":true}]}}