{"id":829,"date":"2023-11-21T14:33:58","date_gmt":"2023-11-21T14:33:58","guid":{"rendered":"https:\/\/vysokorychlostni-kamera.cz\/produkt\/chronos-2-1\/"},"modified":"2025-10-10T09:31:38","modified_gmt":"2025-10-10T09:31:38","slug":"chronos-2-1","status":"publish","type":"product","link":"https:\/\/vysokorychlostni-kamera.cz\/sk\/produkt\/chronos-2-1\/","title":{"rendered":"Chronos 2.1"},"content":{"rendered":"","protected":false},"excerpt":{"rendered":"<p class=\"p1\">Vysokor\u00fdchlostn\u00e1 kamera Chronos 2.1 pon\u00faka z\u00e1znam v rozl\u00ed\u0161en\u00ed Full HD (1920 x 1080p) pri frekvencii a\u017e 1 000 sn\u00edmok za sekundu s mo\u017enos\u0165ou zv\u00fd\u0161enia sn\u00edmkovej frekvencie na 24 046 FPS pri zn\u00ed\u017eenom rozl\u00ed\u0161en\u00ed. Kamera m\u00e1 5-palcov\u00fd dotykov\u00fd displej na samostatn\u00e9 ovl\u00e1danie, mo\u017enos\u0165 v\u00fdberu 8 GB, 16 GB alebo 32 GB internej pam\u00e4te a \u0161irok\u00fa \u0161k\u00e1lu mo\u017enost\u00ed z\u00e1znamu.<\/p>\n<p class=\"p1\">Fotoapar\u00e1t poskytuje flexibilitu objekt\u00edvov a v\u010faka vysokej citlivosti ISO je vhodn\u00fd na fotografovanie v r\u00f4znych sveteln\u00fdch podmienkach. Obsahuje aj mo\u017enosti vzdialen\u00e9ho sp\u00fa\u0161\u0165ania a rozhranie API na integr\u00e1ciu s vlastn\u00fdm softv\u00e9rom.<\/p>\n","protected":false},"featured_media":637,"template":"","meta":[],"product_cat":[41,46],"product_tag":[],"class_list":{"0":"post-829","1":"product","2":"type-product","3":"status-publish","4":"has-post-thumbnail","6":"product_cat-kompletni-nabidka-sk","7":"product_cat-kron-technologies-sk","9":"first","10":"instock","11":"virtual","12":"product-type-simple"},"_links":{"self":[{"href":"https:\/\/vysokorychlostni-kamera.cz\/sk\/wp-json\/wp\/v2\/product\/829","targetHints":{"allow":["GET"]}}],"collection":[{"href":"https:\/\/vysokorychlostni-kamera.cz\/sk\/wp-json\/wp\/v2\/product"}],"about":[{"href":"https:\/\/vysokorychlostni-kamera.cz\/sk\/wp-json\/wp\/v2\/types\/product"}],"wp:featuredmedia":[{"embeddable":true,"href":"https:\/\/vysokorychlostni-kamera.cz\/sk\/wp-json\/wp\/v2\/media\/637"}],"wp:attachment":[{"href":"https:\/\/vysokorychlostni-kamera.cz\/sk\/wp-json\/wp\/v2\/media?parent=829"}],"wp:term":[{"taxonomy":"product_cat","embeddable":true,"href":"https:\/\/vysokorychlostni-kamera.cz\/sk\/wp-json\/wp\/v2\/product_cat?post=829"},{"taxonomy":"product_tag","embeddable":true,"href":"https:\/\/vysokorychlostni-kamera.cz\/sk\/wp-json\/wp\/v2\/product_tag?post=829"}],"curies":[{"name":"wp","href":"https:\/\/api.w.org\/{rel}","templated":true}]}}