{"id":830,"date":"2023-11-21T14:03:38","date_gmt":"2023-11-21T14:03:38","guid":{"rendered":"https:\/\/vysokorychlostni-kamera.cz\/produkt\/chronos-1-4\/"},"modified":"2025-10-10T10:40:46","modified_gmt":"2025-10-10T10:40:46","slug":"chronos-1-4","status":"publish","type":"product","link":"https:\/\/vysokorychlostni-kamera.cz\/sk\/produkt\/chronos-1-4\/","title":{"rendered":"Chronos 1.4"},"content":{"rendered":"","protected":false},"excerpt":{"rendered":"<p class=\"p1\">Vysokor\u00fdchlostn\u00e1 kamera Chronos 1.4 poskytuje vynikaj\u00face rozl\u00ed\u0161enie 1280 \u00d7 1024 pixelov pri neuverite\u013en\u00fdch 1069 sn\u00edmkach za sekundu, \u010do zaru\u010duje dokonal\u00fa kvalitu obrazu. Kamera pon\u00faka jedine\u010dn\u00fa kombin\u00e1ciu vysok\u00e9ho rozl\u00ed\u0161enia a extr\u00e9mnej sn\u00edmkovej frekvencie a\u017e 40 413 FPS pri zn\u00ed\u017eenom rozl\u00ed\u0161en\u00ed.<\/p>\n<p class=\"p1\">M\u00f4\u017eete si vybra\u0165 z 8 GB, 16 GB a 32 GB RAM pre r\u00f4zne d\u013a\u017eky z\u00e1znamu. Kamera je vybaven\u00e1 mo\u017enos\u0165ami farebn\u00e9ho alebo monochromatick\u00e9ho z\u00e1znamu pre r\u00f4zne sveteln\u00e9 podmienky a poskytuje \u010fal\u0161ie mo\u017enosti sp\u00fa\u0161\u0165ania a zaostrovania pre dokonal\u00e9 z\u00e1bery.<\/p>\n","protected":false},"featured_media":636,"template":"","meta":[],"product_cat":[41,46,42],"product_tag":[],"class_list":{"0":"post-830","1":"product","2":"type-product","3":"status-publish","4":"has-post-thumbnail","6":"product_cat-kompletni-nabidka-sk","7":"product_cat-kron-technologies-sk","8":"product_cat-main-sk","10":"first","11":"instock","12":"virtual","13":"product-type-simple"},"_links":{"self":[{"href":"https:\/\/vysokorychlostni-kamera.cz\/sk\/wp-json\/wp\/v2\/product\/830","targetHints":{"allow":["GET"]}}],"collection":[{"href":"https:\/\/vysokorychlostni-kamera.cz\/sk\/wp-json\/wp\/v2\/product"}],"about":[{"href":"https:\/\/vysokorychlostni-kamera.cz\/sk\/wp-json\/wp\/v2\/types\/product"}],"wp:featuredmedia":[{"embeddable":true,"href":"https:\/\/vysokorychlostni-kamera.cz\/sk\/wp-json\/wp\/v2\/media\/636"}],"wp:attachment":[{"href":"https:\/\/vysokorychlostni-kamera.cz\/sk\/wp-json\/wp\/v2\/media?parent=830"}],"wp:term":[{"taxonomy":"product_cat","embeddable":true,"href":"https:\/\/vysokorychlostni-kamera.cz\/sk\/wp-json\/wp\/v2\/product_cat?post=830"},{"taxonomy":"product_tag","embeddable":true,"href":"https:\/\/vysokorychlostni-kamera.cz\/sk\/wp-json\/wp\/v2\/product_tag?post=830"}],"curies":[{"name":"wp","href":"https:\/\/api.w.org\/{rel}","templated":true}]}}