{"id":831,"date":"2023-11-21T13:48:59","date_gmt":"2023-11-21T13:48:59","guid":{"rendered":"https:\/\/vysokorychlostni-kamera.cz\/produkt\/chronos-q12\/"},"modified":"2025-10-10T09:33:50","modified_gmt":"2025-10-10T09:33:50","slug":"chronos-q12","status":"publish","type":"product","link":"https:\/\/vysokorychlostni-kamera.cz\/sk\/produkt\/chronos-q12\/","title":{"rendered":"Chronos Q12"},"content":{"rendered":"","protected":false},"excerpt":{"rendered":"<p class=\"p1\">Chronos Q12, najnov\u0161\u00ed pr\u00edrastok do rodiny vysokor\u00fdchlostn\u00fdch kamier spolo\u010dnosti Kron Technologies. Kamera pon\u00faka rozl\u00ed\u0161enie 2048 x 2016 px (2K) pri 2782 sn\u00edmkach za sekundu a 128 x 32 px pri 29411 sn\u00edmkach za sekundu. V\u010faka d\u00e1tovej priepustnosti 11,8 gigapixela za sekundu poskytuje fotoapar\u00e1t Chronos Q12 skvel\u00fa kvalitu obrazu pri sn\u00edman\u00ed r\u00fdchlych pohybov a akci\u00ed. Kamera podporuje v\u00fdstupn\u00e9 form\u00e1ty CinemaDNG Raw a TIFF Raw na nahr\u00e1vanie a na ukladanie d\u00e1t pon\u00faka 1 TB disk SSD NVMe.<\/p>\n","protected":false},"featured_media":635,"template":"","meta":[],"product_cat":[41,46],"product_tag":[],"class_list":{"0":"post-831","1":"product","2":"type-product","3":"status-publish","4":"has-post-thumbnail","6":"product_cat-kompletni-nabidka-sk","7":"product_cat-kron-technologies-sk","9":"first","10":"instock","11":"virtual","12":"product-type-simple"},"_links":{"self":[{"href":"https:\/\/vysokorychlostni-kamera.cz\/sk\/wp-json\/wp\/v2\/product\/831","targetHints":{"allow":["GET"]}}],"collection":[{"href":"https:\/\/vysokorychlostni-kamera.cz\/sk\/wp-json\/wp\/v2\/product"}],"about":[{"href":"https:\/\/vysokorychlostni-kamera.cz\/sk\/wp-json\/wp\/v2\/types\/product"}],"wp:featuredmedia":[{"embeddable":true,"href":"https:\/\/vysokorychlostni-kamera.cz\/sk\/wp-json\/wp\/v2\/media\/635"}],"wp:attachment":[{"href":"https:\/\/vysokorychlostni-kamera.cz\/sk\/wp-json\/wp\/v2\/media?parent=831"}],"wp:term":[{"taxonomy":"product_cat","embeddable":true,"href":"https:\/\/vysokorychlostni-kamera.cz\/sk\/wp-json\/wp\/v2\/product_cat?post=831"},{"taxonomy":"product_tag","embeddable":true,"href":"https:\/\/vysokorychlostni-kamera.cz\/sk\/wp-json\/wp\/v2\/product_tag?post=831"}],"curies":[{"name":"wp","href":"https:\/\/api.w.org\/{rel}","templated":true}]}}