{"id":833,"date":"2023-03-02T11:46:57","date_gmt":"2023-03-02T11:46:57","guid":{"rendered":"https:\/\/vysokorychlostni-kamera.cz\/produkt\/chronos-4k12\/"},"modified":"2025-10-10T09:34:25","modified_gmt":"2025-10-10T09:34:25","slug":"chronos-4k12","status":"publish","type":"product","link":"https:\/\/vysokorychlostni-kamera.cz\/sk\/produkt\/chronos-4k12\/","title":{"rendered":"Chronos 4K12"},"content":{"rendered":"","protected":false},"excerpt":{"rendered":"<p class=\"p1\">Chronos 4K12 je nov\u00e1 vysokor\u00fdchlostn\u00e1 kamera od spolo\u010dnosti Kron Technologies. T\u00e1to kamera poskytuje rozl\u00ed\u0161enie 4096 x 2160 px (4K) pri 1397 sn\u00edmkach za sekundu a minim\u00e1lne rozl\u00ed\u0161enie 128 x 32 px pri 29002 sn\u00edmkach za sekundu. S maxim\u00e1lnou d\u00e1tovou priepustnos\u0165ou 11,8 gigapixela za sekundu je ide\u00e1lny na detailn\u00e9 sn\u00edmanie r\u00fdchlo sa pohybuj\u00facich akci\u00ed. Kamera Chronos 4K12 podporuje r\u00f4zne mo\u017enosti nahr\u00e1vania a ukladania, je vybaven\u00e1 1 TB diskom SSD NVMe a podporuje v\u00fdstupn\u00e9 form\u00e1ty CinemaDNG Raw a TIFF Raw.<\/p>\n","protected":false},"featured_media":634,"template":"","meta":[],"product_cat":[41,46],"product_tag":[],"class_list":{"0":"post-833","1":"product","2":"type-product","3":"status-publish","4":"has-post-thumbnail","6":"product_cat-kompletni-nabidka-sk","7":"product_cat-kron-technologies-sk","9":"first","10":"instock","11":"virtual","12":"product-type-simple"},"_links":{"self":[{"href":"https:\/\/vysokorychlostni-kamera.cz\/sk\/wp-json\/wp\/v2\/product\/833","targetHints":{"allow":["GET"]}}],"collection":[{"href":"https:\/\/vysokorychlostni-kamera.cz\/sk\/wp-json\/wp\/v2\/product"}],"about":[{"href":"https:\/\/vysokorychlostni-kamera.cz\/sk\/wp-json\/wp\/v2\/types\/product"}],"wp:featuredmedia":[{"embeddable":true,"href":"https:\/\/vysokorychlostni-kamera.cz\/sk\/wp-json\/wp\/v2\/media\/634"}],"wp:attachment":[{"href":"https:\/\/vysokorychlostni-kamera.cz\/sk\/wp-json\/wp\/v2\/media?parent=833"}],"wp:term":[{"taxonomy":"product_cat","embeddable":true,"href":"https:\/\/vysokorychlostni-kamera.cz\/sk\/wp-json\/wp\/v2\/product_cat?post=833"},{"taxonomy":"product_tag","embeddable":true,"href":"https:\/\/vysokorychlostni-kamera.cz\/sk\/wp-json\/wp\/v2\/product_tag?post=833"}],"curies":[{"name":"wp","href":"https:\/\/api.w.org\/{rel}","templated":true}]}}